{"id":36,"date":"2020-10-23T16:35:10","date_gmt":"2020-10-23T16:35:10","guid":{"rendered":"https:\/\/d-p-immobilienverwaltung.de\/?page_id=36"},"modified":"2025-02-05T13:36:54","modified_gmt":"2025-02-05T12:36:54","slug":"test5","status":"publish","type":"page","link":"https:\/\/d-p-immobilienverwaltung.de\/","title":{"rendered":"Home"},"content":{"rendered":"\t\t<div data-elementor-type=\"wp-page\" data-elementor-id=\"36\" class=\"elementor elementor-36\">\n\t\t\t\t\t\t<div class=\"elementor-inner\">\n\t\t\t\t<div class=\"elementor-section-wrap\">\n\t\t\t\t\t\t\t\t\t<section class=\"elementor-section elementor-top-section elementor-element elementor-element-64f743e elementor-section-boxed elementor-section-height-default elementor-section-height-default\" data-id=\"64f743e\" data-element_type=\"section\">\n\t\t\t\t\t\t<div class=\"elementor-container elementor-column-gap-default\">\n\t\t\t\t\t\t\t<div class=\"elementor-row\">\n\t\t\t\t\t<div class=\"elementor-column elementor-col-100 elementor-top-column elementor-element elementor-element-e86c4c6 elementor-invisible\" data-id=\"e86c4c6\" data-element_type=\"column\" data-settings=\"{&quot;animation&quot;:&quot;rollIn&quot;}\">\n\t\t\t<div class=\"elementor-column-wrap elementor-element-populated\">\n\t\t\t\t\t\t\t<div class=\"elementor-widget-wrap\">\n\t\t\t\t\t\t<div class=\"elementor-element elementor-element-1df01b7 elementor-arrows-position-inside elementor-pagination-position-outside elementor-widget elementor-widget-image-carousel\" data-id=\"1df01b7\" data-element_type=\"widget\" data-settings=\"{&quot;slides_to_show&quot;:&quot;1&quot;,&quot;navigation&quot;:&quot;both&quot;,&quot;autoplay&quot;:&quot;yes&quot;,&quot;pause_on_hover&quot;:&quot;yes&quot;,&quot;pause_on_interaction&quot;:&quot;yes&quot;,&quot;autoplay_speed&quot;:5000,&quot;infinite&quot;:&quot;yes&quot;,&quot;effect&quot;:&quot;slide&quot;,&quot;speed&quot;:500}\" data-widget_type=\"image-carousel.default\">\n\t\t\t\t<div class=\"elementor-widget-container\">\n\t\t\t\t\t<div class=\"elementor-image-carousel-wrapper swiper-container\" dir=\"ltr\">\n\t\t\t<div class=\"elementor-image-carousel swiper-wrapper\">\n\t\t\t\t\t\t\t\t<div class=\"swiper-slide\"><figure class=\"swiper-slide-inner\"><img class=\"swiper-slide-image\" src=\"https:\/\/d-p-immobilienverwaltung.de\/wp-content\/uploads\/2021\/08\/Skyline_DP_1b.png\" alt=\"Immobilien, Immobilienverwaltung, Mietverwaltung, WEG-Verwaltung, D &amp; P Immobilienverwaltung, Nettetal\" \/><\/figure><\/div><div class=\"swiper-slide\"><figure class=\"swiper-slide-inner\"><img class=\"swiper-slide-image\" src=\"https:\/\/d-p-immobilienverwaltung.de\/wp-content\/uploads\/2021\/05\/Skyline_DP_2b.png\" alt=\"Immobilien, Immobilienverwaltung, Mietverwaltung, D &amp; P Immobilienverwaltung, Nettetal\" \/><\/figure><\/div><div class=\"swiper-slide\"><figure class=\"swiper-slide-inner\"><img class=\"swiper-slide-image\" src=\"https:\/\/d-p-immobilienverwaltung.de\/wp-content\/uploads\/2021\/08\/Skyline_DP_3b.png\" alt=\"Immobilien, Immobilienverwaltung, WEG-Verwaltung, D &amp; P Immobilienverwaltung, Nettetal\" \/><\/figure><\/div>\t\t\t<\/div>\n\t\t\t\t\t\t\t\t\t\t\t\t<div class=\"swiper-pagination\"><\/div>\n\t\t\t\t\t\t\t\t\t\t\t\t\t<div class=\"elementor-swiper-button elementor-swiper-button-prev\">\n\t\t\t\t\t\t<i aria-hidden=\"true\" class=\"eicon-chevron-left\"><\/i>\t\t\t\t\t\t<span class=\"elementor-screen-only\">Zur\u00fcck<\/span>\n\t\t\t\t\t<\/div>\n\t\t\t\t\t<div class=\"elementor-swiper-button elementor-swiper-button-next\">\n\t\t\t\t\t\t<i aria-hidden=\"true\" class=\"eicon-chevron-right\"><\/i>\t\t\t\t\t\t<span class=\"elementor-screen-only\">Weiter<\/span>\n\t\t\t\t\t<\/div>\n\t\t\t\t\t\t\t\t\t<\/div>\n\t\t\t\t<\/div>\n\t\t\t\t<\/div>\n\t\t\t\t\t\t<\/div>\n\t\t\t\t\t<\/div>\n\t\t<\/div>\n\t\t\t\t\t\t\t\t<\/div>\n\t\t\t\t\t<\/div>\n\t\t<\/section>\n\t\t\t\t<section class=\"elementor-section elementor-top-section elementor-element elementor-element-3064df5e elementor-section-boxed elementor-section-height-default elementor-section-height-default\" data-id=\"3064df5e\" data-element_type=\"section\">\n\t\t\t\t\t\t<div class=\"elementor-container elementor-column-gap-default\">\n\t\t\t\t\t\t\t<div class=\"elementor-row\">\n\t\t\t\t\t<div class=\"elementor-column elementor-col-100 elementor-top-column elementor-element elementor-element-3468fd8f\" data-id=\"3468fd8f\" data-element_type=\"column\">\n\t\t\t<div class=\"elementor-column-wrap elementor-element-populated\">\n\t\t\t\t\t\t\t<div class=\"elementor-widget-wrap\">\n\t\t\t\t\t\t<div class=\"elementor-element elementor-element-40fe2110 elementor-widget elementor-widget-text-editor\" data-id=\"40fe2110\" data-element_type=\"widget\" data-widget_type=\"text-editor.default\">\n\t\t\t\t<div class=\"elementor-widget-container\">\n\t\t\t\t\t\t\t\t<div class=\"elementor-text-editor elementor-clearfix\">\n\t\t\t\t<p><!-- wp:heading --><\/p>\n<h1 style=\"text-align: center;\"><span style=\"font-size: 18pt; font-family: arial, helvetica, sans-serif;\">D &amp; P Immobilienverwaltung &#8211; Ihr zuverl\u00e4ssiger Partner am Niederrhein<\/span><\/h1>\n<p><!-- \/wp:heading --><\/p>\t\t\t\t\t<\/div>\n\t\t\t\t\t\t<\/div>\n\t\t\t\t<\/div>\n\t\t\t\t\t\t<\/div>\n\t\t\t\t\t<\/div>\n\t\t<\/div>\n\t\t\t\t\t\t\t\t<\/div>\n\t\t\t\t\t<\/div>\n\t\t<\/section>\n\t\t\t\t<section class=\"elementor-section elementor-top-section elementor-element elementor-element-38fad0e elementor-section-boxed elementor-section-height-default elementor-section-height-default\" data-id=\"38fad0e\" data-element_type=\"section\">\n\t\t\t\t\t\t<div class=\"elementor-container elementor-column-gap-default\">\n\t\t\t\t\t\t\t<div class=\"elementor-row\">\n\t\t\t\t\t<div class=\"elementor-column elementor-col-100 elementor-top-column elementor-element elementor-element-bcbac47\" data-id=\"bcbac47\" data-element_type=\"column\">\n\t\t\t<div class=\"elementor-column-wrap elementor-element-populated\">\n\t\t\t\t\t\t\t<div class=\"elementor-widget-wrap\">\n\t\t\t\t\t\t<div class=\"elementor-element elementor-element-7984f19 elementor-widget elementor-widget-text-editor\" data-id=\"7984f19\" data-element_type=\"widget\" data-widget_type=\"text-editor.default\">\n\t\t\t\t<div class=\"elementor-widget-container\">\n\t\t\t\t\t\t\t\t<div class=\"elementor-text-editor elementor-clearfix\">\n\t\t\t\t<p style=\"text-align: center;\">Unsere Unternehmensgeschichte beginnt im Jahre 1982. In diesem Jahr gr\u00fcndeten Franz-Josef Gaspers als alt eingesessener Hausverwalter und Gerhard Doench die Hausverwaltung Gaspers und Doench. Diese f\u00fchrte Gerhard Doench seit 1992 als Gerhard Doench Hausverwaltungen alleine weiter. 2020 \u00fcbernahm mit Christoph Peters wieder eine j\u00fcngere Generation. Als D &amp; P Immobilienverwaltung sind wir Ihr kompetenter Partner f\u00fcr Mietverwaltungen und f\u00fcr Verwaltungen von Gemeinschaftseigentum nach dem Wohnungseigentumsgesetz (WEG-Verwaltung).<\/p>\t\t\t\t\t<\/div>\n\t\t\t\t\t\t<\/div>\n\t\t\t\t<\/div>\n\t\t\t\t\t\t<\/div>\n\t\t\t\t\t<\/div>\n\t\t<\/div>\n\t\t\t\t\t\t\t\t<\/div>\n\t\t\t\t\t<\/div>\n\t\t<\/section>\n\t\t\t\t\t\t\t\t\t<\/div>\n\t\t\t<\/div>\n\t\t\t\t\t<\/div>\n\t\t","protected":false},"excerpt":{"rendered":"<p>Zur\u00fcck Weiter D &amp; P Immobilienverwaltung &#8211; Ihr zuverl\u00e4ssiger Partner am Niederrhein Unsere Unternehmensgeschichte beginnt im Jahre 1982. In diesem Jahr gr\u00fcndeten Franz-Josef Gaspers als alt eingesessener Hausverwalter und Gerhard Doench die Hausverwaltung Gaspers und Doench. Diese f\u00fchrte Gerhard Doench seit 1992 als Gerhard Doench Hausverwaltungen alleine weiter. 2020 \u00fcbernahm mit Christoph Peters wieder eine [&hellip;]<\/p>\n","protected":false},"author":1,"featured_media":0,"parent":0,"menu_order":1,"comment_status":"closed","ping_status":"closed","template":"","meta":[],"_links":{"self":[{"href":"https:\/\/d-p-immobilienverwaltung.de\/index.php\/wp-json\/wp\/v2\/pages\/36"}],"collection":[{"href":"https:\/\/d-p-immobilienverwaltung.de\/index.php\/wp-json\/wp\/v2\/pages"}],"about":[{"href":"https:\/\/d-p-immobilienverwaltung.de\/index.php\/wp-json\/wp\/v2\/types\/page"}],"author":[{"embeddable":true,"href":"https:\/\/d-p-immobilienverwaltung.de\/index.php\/wp-json\/wp\/v2\/users\/1"}],"replies":[{"embeddable":true,"href":"https:\/\/d-p-immobilienverwaltung.de\/index.php\/wp-json\/wp\/v2\/comments?post=36"}],"version-history":[{"count":80,"href":"https:\/\/d-p-immobilienverwaltung.de\/index.php\/wp-json\/wp\/v2\/pages\/36\/revisions"}],"predecessor-version":[{"id":636,"href":"https:\/\/d-p-immobilienverwaltung.de\/index.php\/wp-json\/wp\/v2\/pages\/36\/revisions\/636"}],"wp:attachment":[{"href":"https:\/\/d-p-immobilienverwaltung.de\/index.php\/wp-json\/wp\/v2\/media?parent=36"}],"curies":[{"name":"wp","href":"https:\/\/api.w.org\/{rel}","templated":true}]}}