{"id":359,"date":"2021-05-04T08:43:24","date_gmt":"2021-05-04T08:43:24","guid":{"rendered":"https:\/\/d-p-immobilienverwaltung.de\/?page_id=359"},"modified":"2021-07-16T19:43:05","modified_gmt":"2021-07-16T19:43:05","slug":"impressum","status":"publish","type":"page","link":"https:\/\/d-p-immobilienverwaltung.de\/index.php\/impressum\/","title":{"rendered":"Impressum"},"content":{"rendered":"\t\t<div data-elementor-type=\"wp-page\" data-elementor-id=\"359\" class=\"elementor elementor-359\">\n\t\t\t\t\t\t<div class=\"elementor-inner\">\n\t\t\t\t<div class=\"elementor-section-wrap\">\n\t\t\t\t\t\t\t\t\t<section class=\"elementor-section elementor-top-section elementor-element elementor-element-3064df5e elementor-section-boxed elementor-section-height-default elementor-section-height-default\" data-id=\"3064df5e\" data-element_type=\"section\">\n\t\t\t\t\t\t<div class=\"elementor-container elementor-column-gap-default\">\n\t\t\t\t\t\t\t<div class=\"elementor-row\">\n\t\t\t\t\t<div class=\"elementor-column elementor-col-100 elementor-top-column elementor-element elementor-element-3468fd8f\" data-id=\"3468fd8f\" data-element_type=\"column\">\n\t\t\t<div class=\"elementor-column-wrap elementor-element-populated\">\n\t\t\t\t\t\t\t<div class=\"elementor-widget-wrap\">\n\t\t\t\t\t\t<div class=\"elementor-element elementor-element-40fe2110 elementor-widget elementor-widget-text-editor\" data-id=\"40fe2110\" data-element_type=\"widget\" data-widget_type=\"text-editor.default\">\n\t\t\t\t<div class=\"elementor-widget-container\">\n\t\t\t\t\t\t\t\t<div class=\"elementor-text-editor elementor-clearfix\">\n\t\t\t\t<p><!-- wp:heading --><\/p>\n<h2 style=\"text-align: left;\">Impressum<\/h2>\n<p><!-- \/wp:heading --><\/p>\t\t\t\t\t<\/div>\n\t\t\t\t\t\t<\/div>\n\t\t\t\t<\/div>\n\t\t\t\t\t\t<\/div>\n\t\t\t\t\t<\/div>\n\t\t<\/div>\n\t\t\t\t\t\t\t\t<\/div>\n\t\t\t\t\t<\/div>\n\t\t<\/section>\n\t\t\t\t<section class=\"elementor-section elementor-top-section elementor-element elementor-element-a50ce16 elementor-section-boxed elementor-section-height-default elementor-section-height-default\" data-id=\"a50ce16\" data-element_type=\"section\">\n\t\t\t\t\t\t<div class=\"elementor-container elementor-column-gap-default\">\n\t\t\t\t\t\t\t<div class=\"elementor-row\">\n\t\t\t\t\t<div class=\"elementor-column elementor-col-100 elementor-top-column elementor-element elementor-element-ddeea04\" data-id=\"ddeea04\" data-element_type=\"column\">\n\t\t\t<div class=\"elementor-column-wrap elementor-element-populated\">\n\t\t\t\t\t\t\t<div class=\"elementor-widget-wrap\">\n\t\t\t\t\t\t<div class=\"elementor-element elementor-element-4f4b146 elementor-widget elementor-widget-text-editor\" data-id=\"4f4b146\" data-element_type=\"widget\" data-widget_type=\"text-editor.default\">\n\t\t\t\t<div class=\"elementor-widget-container\">\n\t\t\t\t\t\t\t\t<div class=\"elementor-text-editor elementor-clearfix\">\n\t\t\t\t<p style=\"text-align: left;\">D &amp; P Immobilienverwaltung<br>S\u00fcdl. Wambacher Stra\u00dfe 6<br>D-41334 Nettetal<\/p>\n<p style=\"text-align: left;\">Inhaber: Christoph Peters<\/p>\n<p style=\"text-align: left;\">Tel.: +49 (0) 2157 \/ 894880<br>Fax: +49 (0) 2157 \/ 894888<br>info@d-p-immobilienverwaltung.de<br>www.d-p-immobilienverwaltung.de<\/p>\n<p style=\"text-align: left;\">USt.-IdNr.: DE 312802330<\/p>\n<p style=\"text-align: left;\">S\u00e4mtliche Daten, Texte und Bilder sind Eigentum der D &amp; P Immobilienverwaltung. Die Verwendung zu gewerblichen Zwecken ist untersagt. Die private Verwendung bedarf unserer ausdr\u00fccklichen Zustimmung.<\/p>\n<p style=\"text-align: left;\">Haftungshinweis:<br>Trotz sorgf\u00e4ltiger inhaltlicher Kontrolle \u00fcbernehmen wir keine Haftung f\u00fcr die Inhalte externer Links. F\u00fcr den Inhalt der verlinkten Seiten sind ausschlie\u00dflich deren Betreiber verantwortlich. Diese Erkl\u00e4rung gilt f\u00fcr alle auf dieser Webseite verwendeten Links.<br>Online-Streitbeilegung gem\u00e4\u00df Art. 14 Abs. 1 ODR-VO: Die Europ\u00e4ische Kommission stellt eine Plattform zur Online-Streitbeilegung (OS) bereit, die Sie unter http:\/\/ec.europa.eu\/consumers\/odr\/ finden.<\/p>\t\t\t\t\t<\/div>\n\t\t\t\t\t\t<\/div>\n\t\t\t\t<\/div>\n\t\t\t\t\t\t<\/div>\n\t\t\t\t\t<\/div>\n\t\t<\/div>\n\t\t\t\t\t\t\t\t<\/div>\n\t\t\t\t\t<\/div>\n\t\t<\/section>\n\t\t\t\t\t\t\t\t\t<\/div>\n\t\t\t<\/div>\n\t\t\t\t\t<\/div>\n\t\t","protected":false},"excerpt":{"rendered":"<p>Impressum D &amp; P ImmobilienverwaltungS\u00fcdl. Wambacher Stra\u00dfe 6D-41334 Nettetal Inhaber: Christoph Peters Tel.: +49 (0) 2157 \/ 894880Fax: +49 (0) 2157 \/ 894888info@d-p-immobilienverwaltung.dewww.d-p-immobilienverwaltung.de USt.-IdNr.: DE 312802330 S\u00e4mtliche Daten, Texte und Bilder sind Eigentum der D &amp; P Immobilienverwaltung. Die Verwendung zu gewerblichen Zwecken ist untersagt. Die private Verwendung bedarf unserer ausdr\u00fccklichen Zustimmung. Haftungshinweis:Trotz sorgf\u00e4ltiger inhaltlicher [&hellip;]<\/p>\n","protected":false},"author":1,"featured_media":0,"parent":0,"menu_order":10,"comment_status":"closed","ping_status":"closed","template":"","meta":[],"_links":{"self":[{"href":"https:\/\/d-p-immobilienverwaltung.de\/index.php\/wp-json\/wp\/v2\/pages\/359"}],"collection":[{"href":"https:\/\/d-p-immobilienverwaltung.de\/index.php\/wp-json\/wp\/v2\/pages"}],"about":[{"href":"https:\/\/d-p-immobilienverwaltung.de\/index.php\/wp-json\/wp\/v2\/types\/page"}],"author":[{"embeddable":true,"href":"https:\/\/d-p-immobilienverwaltung.de\/index.php\/wp-json\/wp\/v2\/users\/1"}],"replies":[{"embeddable":true,"href":"https:\/\/d-p-immobilienverwaltung.de\/index.php\/wp-json\/wp\/v2\/comments?post=359"}],"version-history":[{"count":14,"href":"https:\/\/d-p-immobilienverwaltung.de\/index.php\/wp-json\/wp\/v2\/pages\/359\/revisions"}],"predecessor-version":[{"id":488,"href":"https:\/\/d-p-immobilienverwaltung.de\/index.php\/wp-json\/wp\/v2\/pages\/359\/revisions\/488"}],"wp:attachment":[{"href":"https:\/\/d-p-immobilienverwaltung.de\/index.php\/wp-json\/wp\/v2\/media?parent=359"}],"curies":[{"name":"wp","href":"https:\/\/api.w.org\/{rel}","templated":true}]}}