{"id":202,"date":"2020-11-03T09:42:53","date_gmt":"2020-11-03T09:42:53","guid":{"rendered":"https:\/\/d-p-immobilienverwaltung.de\/?page_id=202"},"modified":"2021-08-26T12:16:18","modified_gmt":"2021-08-26T10:16:18","slug":"weg-verwaltung","status":"publish","type":"page","link":"https:\/\/d-p-immobilienverwaltung.de\/index.php\/weg-verwaltung\/","title":{"rendered":"WEG-Verwaltung"},"content":{"rendered":"\t\t<div data-elementor-type=\"wp-page\" data-elementor-id=\"202\" class=\"elementor elementor-202\">\n\t\t\t\t\t\t<div class=\"elementor-inner\">\n\t\t\t\t<div class=\"elementor-section-wrap\">\n\t\t\t\t\t\t\t\t\t<section class=\"elementor-section elementor-top-section elementor-element elementor-element-64f743e elementor-section-boxed elementor-section-height-default elementor-section-height-default\" data-id=\"64f743e\" data-element_type=\"section\">\n\t\t\t\t\t\t<div class=\"elementor-container elementor-column-gap-default\">\n\t\t\t\t\t\t\t<div class=\"elementor-row\">\n\t\t\t\t\t<div class=\"elementor-column elementor-col-100 elementor-top-column elementor-element elementor-element-e86c4c6\" data-id=\"e86c4c6\" data-element_type=\"column\">\n\t\t\t<div class=\"elementor-column-wrap elementor-element-populated\">\n\t\t\t\t\t\t\t<div class=\"elementor-widget-wrap\">\n\t\t\t\t\t\t<div class=\"elementor-element elementor-element-f595e78 elementor-widget elementor-widget-image\" data-id=\"f595e78\" data-element_type=\"widget\" data-widget_type=\"image.default\">\n\t\t\t\t<div class=\"elementor-widget-container\">\n\t\t\t\t\t\t\t\t<div class=\"elementor-image\">\n\t\t\t\t\t\t\t\t\t\t\t\t<img width=\"1077\" height=\"340\" src=\"https:\/\/d-p-immobilienverwaltung.de\/wp-content\/uploads\/2021\/08\/Skyline_DP_3b.png\" class=\"attachment-full size-full\" alt=\"\" loading=\"lazy\" srcset=\"https:\/\/d-p-immobilienverwaltung.de\/wp-content\/uploads\/2021\/08\/Skyline_DP_3b.png 1077w, https:\/\/d-p-immobilienverwaltung.de\/wp-content\/uploads\/2021\/08\/Skyline_DP_3b-300x95.png 300w, https:\/\/d-p-immobilienverwaltung.de\/wp-content\/uploads\/2021\/08\/Skyline_DP_3b-1024x323.png 1024w, https:\/\/d-p-immobilienverwaltung.de\/wp-content\/uploads\/2021\/08\/Skyline_DP_3b-768x242.png 768w\" sizes=\"(max-width: 1077px) 100vw, 1077px\" \/>\t\t\t\t\t\t\t\t\t\t\t\t\t\t<\/div>\n\t\t\t\t\t\t<\/div>\n\t\t\t\t<\/div>\n\t\t\t\t\t\t<\/div>\n\t\t\t\t\t<\/div>\n\t\t<\/div>\n\t\t\t\t\t\t\t\t<\/div>\n\t\t\t\t\t<\/div>\n\t\t<\/section>\n\t\t\t\t<section class=\"elementor-section elementor-top-section elementor-element elementor-element-3064df5e elementor-section-boxed elementor-section-height-default elementor-section-height-default\" data-id=\"3064df5e\" data-element_type=\"section\">\n\t\t\t\t\t\t<div class=\"elementor-container elementor-column-gap-default\">\n\t\t\t\t\t\t\t<div class=\"elementor-row\">\n\t\t\t\t\t<div class=\"elementor-column elementor-col-100 elementor-top-column elementor-element elementor-element-3468fd8f\" data-id=\"3468fd8f\" data-element_type=\"column\">\n\t\t\t<div class=\"elementor-column-wrap elementor-element-populated\">\n\t\t\t\t\t\t\t<div class=\"elementor-widget-wrap\">\n\t\t\t\t\t\t<div class=\"elementor-element elementor-element-40fe2110 elementor-widget elementor-widget-text-editor\" data-id=\"40fe2110\" data-element_type=\"widget\" data-widget_type=\"text-editor.default\">\n\t\t\t\t<div class=\"elementor-widget-container\">\n\t\t\t\t\t\t\t\t<div class=\"elementor-text-editor elementor-clearfix\">\n\t\t\t\t<p><!-- wp:heading --><\/p>\n<h2 style=\"text-align: center;\">WEG-Verwaltung<\/h2>\n<p><!-- \/wp:heading --><\/p>\t\t\t\t\t<\/div>\n\t\t\t\t\t\t<\/div>\n\t\t\t\t<\/div>\n\t\t\t\t\t\t<\/div>\n\t\t\t\t\t<\/div>\n\t\t<\/div>\n\t\t\t\t\t\t\t\t<\/div>\n\t\t\t\t\t<\/div>\n\t\t<\/section>\n\t\t\t\t<section class=\"elementor-section elementor-top-section elementor-element elementor-element-68f0012 elementor-section-boxed elementor-section-height-default elementor-section-height-default\" data-id=\"68f0012\" data-element_type=\"section\">\n\t\t\t\t\t\t<div class=\"elementor-container elementor-column-gap-default\">\n\t\t\t\t\t\t\t<div class=\"elementor-row\">\n\t\t\t\t\t<div class=\"elementor-column elementor-col-100 elementor-top-column elementor-element elementor-element-8e7746d\" data-id=\"8e7746d\" data-element_type=\"column\">\n\t\t\t<div class=\"elementor-column-wrap elementor-element-populated\">\n\t\t\t\t\t\t\t<div class=\"elementor-widget-wrap\">\n\t\t\t\t\t\t<div class=\"elementor-element elementor-element-b3083d3 elementor-widget elementor-widget-text-editor\" data-id=\"b3083d3\" data-element_type=\"widget\" data-widget_type=\"text-editor.default\">\n\t\t\t\t<div class=\"elementor-widget-container\">\n\t\t\t\t\t\t\t\t<div class=\"elementor-text-editor elementor-clearfix\">\n\t\t\t\t<p>Sie suchen als Eigent\u00fcmergemeinschaft nach einem zuverl\u00e4ssigen Verwalter Ihres Wohneigentums?<br \/>Gerne \u00fcbernehmen wir f\u00fcr Sie alle anfallenden Arbeiten im Rahmen der WEG-Verwaltung!<\/p>\n<h2><span style=\"font-size: 14pt;\">Unsere Leistungen im \u00dcberblick:<\/span><\/h2>\n<p><span style=\"color: #000000;\">\u2022<\/span>\u00a0 \u00a0Buchf\u00fchrung und Auswertung, R\u00fccklage von den Betriebskosten getrennt<br \/><span style=\"color: #000000;\">\u2022<\/span>\u00a0 \u00a0Erstellen und Zuleiten der Abrechnungen<br \/><span style=\"color: #000000;\">\u2022<\/span>\u00a0 \u00a0Entgegennehmen und Weiterleiten von Zahlungen<br \/><span style=\"color: #000000;\">\u2022<\/span>\u00a0 \u00a0\u00dcberpr\u00fcfen und Angleichen der Betriebskosten \u2013 Wirtschaftspl\u00e4ne<br \/><span style=\"color: #000000;\">\u2022<\/span>\u00a0 \u00a0Mahnwesen<br \/><span style=\"color: #000000;\">\u2022<\/span>\u00a0 \u00a0Einleiten rechtlicher Ma\u00dfnahmen bei Zahlungsr\u00fcckst\u00e4nden oder Verst\u00f6\u00dfen gegen das WEG<br \/><span style=\"color: #000000;\">\u2022<\/span>\u00a0 \u00a0Mitwirken bei allen Gerichtsverhandlungen<br \/><span style=\"color: #000000;\">\u2022<\/span>\u00a0 \u00a0Informationen zu allen laufenden rechtlichen Verfahren<br \/><span style=\"color: #000000;\">\u2022<\/span>\u00a0 \u00a0Eigent\u00fcmerversammlungen <br \/><span style=\"color: #000000;\">\u2022<\/span>\u00a0 \u00a0Erstellen der Beschlussniederschriften und Weitergabe an die Eigent\u00fcmer<br \/><span style=\"color: #000000;\">\u2022<\/span>\u00a0 \u00a0Verwaltungsbeiratssitzungen bei Bedarf<br \/><span style=\"color: #000000;\">\u2022<\/span>\u00a0 \u00a0Rundschreiben und Aush\u00e4nge<br \/><span style=\"color: #000000;\">\u2022<\/span>\u00a0 \u00a0Kontrolle der Versorgungsvertr\u00e4ge<br \/><span style=\"color: #000000;\">\u2022<\/span>\u00a0 \u00a0Kontrolle der Versicherungen<br \/><span style=\"color: #000000;\">\u2022<\/span>\u00a0 \u00a0Abwicklung von Versicherungssch\u00e4den<br \/><span style=\"color: #000000;\">\u2022<\/span>\u00a0 \u00a0Ausschreibung und Auftragsvergabe bei Reparaturen<br \/><span style=\"color: #000000;\">\u2022<\/span>\u00a0 \u00a0\u00dcberwachung laufender Arbeiten<br \/><span style=\"color: #000000;\">\u2022<\/span>\u00a0 \u00a0Kontrollen im Bereich Nachbarschaftsrecht<br \/><span style=\"color: #000000;\">\u2022<\/span>\u00a0 \u00a0Veranlassen von Wartungen \u2013 Blitzschutz, Brandschutz, Heizung, Tank- und Aufzuganlagen<br \/><span style=\"color: #000000;\">\u2022<\/span>\u00a0 \u00a0Einweisung von Hausmeistern und die \u00dcberwachung der Arbeiten<br \/><span style=\"color: #000000;\">\u2022<\/span>\u00a0 \u00a0Einweisung von Reinigungskr\u00e4ften und die \u00dcberwachung der Arbeiten<br \/><span style=\"color: #000000;\">\u2022<\/span>\u00a0 \u00a0Einweisung Hof- und Gartenarbeiten<br \/><span style=\"color: #000000;\">\u2022<\/span>\u00a0 \u00a0Regelm\u00e4\u00dfige Begehung der Objekte mit Schadensaufnahme<br \/><span style=\"color: #000000;\">\u2022<\/span>\u00a0 \u00a0Erledigung der Korrespondenz mit den Eigent\u00fcmern, Beh\u00f6rden, Lieferanten usw.<br \/><span style=\"color: #000000;\">\u2022<\/span>\u00a0 \u00a0Ma\u00dfnahmen zu Fristwahrungen und Abwendungen eines Rechtsnachteils f\u00fcr das Objekt<\/p>\n<p>Wir m\u00f6chten Ihnen als Verwalter Ihrer Wohnungseigent\u00fcmergemeinschaft vertrauensvoll zur Seite stehen und bieten Ihnen eine genau auf Ihre Bed\u00fcrfnisse zugeschnittene L\u00f6sung an.<\/p>\n<h2>Gerne erstellen wir Ihnen ein individuelles Angebot:\u00a0<span style=\"font-size: 14pt;\"><strong>+49 (0) 2157 \/ 894880<\/strong><\/span><\/h2>\t\t\t\t\t<\/div>\n\t\t\t\t\t\t<\/div>\n\t\t\t\t<\/div>\n\t\t\t\t\t\t<\/div>\n\t\t\t\t\t<\/div>\n\t\t<\/div>\n\t\t\t\t\t\t\t\t<\/div>\n\t\t\t\t\t<\/div>\n\t\t<\/section>\n\t\t\t\t\t\t\t\t\t<\/div>\n\t\t\t<\/div>\n\t\t\t\t\t<\/div>\n\t\t","protected":false},"excerpt":{"rendered":"<p>WEG-Verwaltung Sie suchen als Eigent\u00fcmergemeinschaft nach einem zuverl\u00e4ssigen Verwalter Ihres Wohneigentums?Gerne \u00fcbernehmen wir f\u00fcr Sie alle anfallenden Arbeiten im Rahmen der WEG-Verwaltung! Unsere Leistungen im \u00dcberblick: \u2022\u00a0 \u00a0Buchf\u00fchrung und Auswertung, R\u00fccklage von den Betriebskosten getrennt\u2022\u00a0 \u00a0Erstellen und Zuleiten der Abrechnungen\u2022\u00a0 \u00a0Entgegennehmen und Weiterleiten von Zahlungen\u2022\u00a0 \u00a0\u00dcberpr\u00fcfen und Angleichen der Betriebskosten \u2013 Wirtschaftspl\u00e4ne\u2022\u00a0 \u00a0Mahnwesen\u2022\u00a0 \u00a0Einleiten rechtlicher [&hellip;]<\/p>\n","protected":false},"author":1,"featured_media":0,"parent":0,"menu_order":20,"comment_status":"closed","ping_status":"closed","template":"","meta":[],"_links":{"self":[{"href":"https:\/\/d-p-immobilienverwaltung.de\/index.php\/wp-json\/wp\/v2\/pages\/202"}],"collection":[{"href":"https:\/\/d-p-immobilienverwaltung.de\/index.php\/wp-json\/wp\/v2\/pages"}],"about":[{"href":"https:\/\/d-p-immobilienverwaltung.de\/index.php\/wp-json\/wp\/v2\/types\/page"}],"author":[{"embeddable":true,"href":"https:\/\/d-p-immobilienverwaltung.de\/index.php\/wp-json\/wp\/v2\/users\/1"}],"replies":[{"embeddable":true,"href":"https:\/\/d-p-immobilienverwaltung.de\/index.php\/wp-json\/wp\/v2\/comments?post=202"}],"version-history":[{"count":19,"href":"https:\/\/d-p-immobilienverwaltung.de\/index.php\/wp-json\/wp\/v2\/pages\/202\/revisions"}],"predecessor-version":[{"id":571,"href":"https:\/\/d-p-immobilienverwaltung.de\/index.php\/wp-json\/wp\/v2\/pages\/202\/revisions\/571"}],"wp:attachment":[{"href":"https:\/\/d-p-immobilienverwaltung.de\/index.php\/wp-json\/wp\/v2\/media?parent=202"}],"curies":[{"name":"wp","href":"https:\/\/api.w.org\/{rel}","templated":true}]}}