{"id":200,"date":"2020-11-03T09:42:19","date_gmt":"2020-11-03T09:42:19","guid":{"rendered":"https:\/\/d-p-immobilienverwaltung.de\/?page_id=200"},"modified":"2021-08-30T16:56:54","modified_gmt":"2021-08-30T14:56:54","slug":"mietverwaltung","status":"publish","type":"page","link":"https:\/\/d-p-immobilienverwaltung.de\/index.php\/leistungen\/mietverwaltung\/","title":{"rendered":"Mietverwaltung"},"content":{"rendered":"\t\t<div data-elementor-type=\"wp-page\" data-elementor-id=\"200\" class=\"elementor elementor-200\">\n\t\t\t\t\t\t<div class=\"elementor-inner\">\n\t\t\t\t<div class=\"elementor-section-wrap\">\n\t\t\t\t\t\t\t\t\t<section class=\"elementor-section elementor-top-section elementor-element elementor-element-64f743e elementor-section-boxed elementor-section-height-default elementor-section-height-default\" data-id=\"64f743e\" data-element_type=\"section\">\n\t\t\t\t\t\t<div class=\"elementor-container elementor-column-gap-default\">\n\t\t\t\t\t\t\t<div class=\"elementor-row\">\n\t\t\t\t\t<div class=\"elementor-column elementor-col-100 elementor-top-column elementor-element elementor-element-e86c4c6\" data-id=\"e86c4c6\" data-element_type=\"column\">\n\t\t\t<div class=\"elementor-column-wrap elementor-element-populated\">\n\t\t\t\t\t\t\t<div class=\"elementor-widget-wrap\">\n\t\t\t\t\t\t<div class=\"elementor-element elementor-element-f415e71 elementor-widget elementor-widget-image\" data-id=\"f415e71\" data-element_type=\"widget\" data-widget_type=\"image.default\">\n\t\t\t\t<div class=\"elementor-widget-container\">\n\t\t\t\t\t\t\t\t<div class=\"elementor-image\">\n\t\t\t\t\t\t\t\t\t\t\t\t<img width=\"1077\" height=\"340\" src=\"https:\/\/d-p-immobilienverwaltung.de\/wp-content\/uploads\/2021\/05\/Skyline_DP_2b.png\" class=\"attachment-full size-full\" alt=\"\" loading=\"lazy\" srcset=\"https:\/\/d-p-immobilienverwaltung.de\/wp-content\/uploads\/2021\/05\/Skyline_DP_2b.png 1077w, https:\/\/d-p-immobilienverwaltung.de\/wp-content\/uploads\/2021\/05\/Skyline_DP_2b-300x95.png 300w, https:\/\/d-p-immobilienverwaltung.de\/wp-content\/uploads\/2021\/05\/Skyline_DP_2b-1024x323.png 1024w, https:\/\/d-p-immobilienverwaltung.de\/wp-content\/uploads\/2021\/05\/Skyline_DP_2b-768x242.png 768w\" sizes=\"(max-width: 1077px) 100vw, 1077px\" \/>\t\t\t\t\t\t\t\t\t\t\t\t\t\t<\/div>\n\t\t\t\t\t\t<\/div>\n\t\t\t\t<\/div>\n\t\t\t\t\t\t<\/div>\n\t\t\t\t\t<\/div>\n\t\t<\/div>\n\t\t\t\t\t\t\t\t<\/div>\n\t\t\t\t\t<\/div>\n\t\t<\/section>\n\t\t\t\t<section class=\"elementor-section elementor-top-section elementor-element elementor-element-3064df5e elementor-section-boxed elementor-section-height-default elementor-section-height-default\" data-id=\"3064df5e\" data-element_type=\"section\">\n\t\t\t\t\t\t<div class=\"elementor-container elementor-column-gap-default\">\n\t\t\t\t\t\t\t<div class=\"elementor-row\">\n\t\t\t\t\t<div class=\"elementor-column elementor-col-100 elementor-top-column elementor-element elementor-element-3468fd8f\" data-id=\"3468fd8f\" data-element_type=\"column\">\n\t\t\t<div class=\"elementor-column-wrap elementor-element-populated\">\n\t\t\t\t\t\t\t<div class=\"elementor-widget-wrap\">\n\t\t\t\t\t\t<div class=\"elementor-element elementor-element-40fe2110 elementor-widget elementor-widget-text-editor\" data-id=\"40fe2110\" data-element_type=\"widget\" data-widget_type=\"text-editor.default\">\n\t\t\t\t<div class=\"elementor-widget-container\">\n\t\t\t\t\t\t\t\t<div class=\"elementor-text-editor elementor-clearfix\">\n\t\t\t\t<p><!-- wp:heading --><\/p>\n<h2 style=\"text-align: center;\">Mietverwaltung<\/h2>\n<p><!-- \/wp:heading --><\/p>\t\t\t\t\t<\/div>\n\t\t\t\t\t\t<\/div>\n\t\t\t\t<\/div>\n\t\t\t\t\t\t<\/div>\n\t\t\t\t\t<\/div>\n\t\t<\/div>\n\t\t\t\t\t\t\t\t<\/div>\n\t\t\t\t\t<\/div>\n\t\t<\/section>\n\t\t\t\t<section class=\"elementor-section elementor-top-section elementor-element elementor-element-a50ce16 elementor-section-boxed elementor-section-height-default elementor-section-height-default\" data-id=\"a50ce16\" data-element_type=\"section\">\n\t\t\t\t\t\t<div class=\"elementor-container elementor-column-gap-default\">\n\t\t\t\t\t\t\t<div class=\"elementor-row\">\n\t\t\t\t\t<div class=\"elementor-column elementor-col-100 elementor-top-column elementor-element elementor-element-ddeea04\" data-id=\"ddeea04\" data-element_type=\"column\">\n\t\t\t<div class=\"elementor-column-wrap elementor-element-populated\">\n\t\t\t\t\t\t\t<div class=\"elementor-widget-wrap\">\n\t\t\t\t\t\t<div class=\"elementor-element elementor-element-4f4b146 elementor-widget elementor-widget-text-editor\" data-id=\"4f4b146\" data-element_type=\"widget\" data-widget_type=\"text-editor.default\">\n\t\t\t\t<div class=\"elementor-widget-container\">\n\t\t\t\t\t\t\t\t<div class=\"elementor-text-editor elementor-clearfix\">\n\t\t\t\t<p>Sie haben ein gr\u00f6\u00dferes Mietobjekt, wollen sich aber nicht selber um die Vermietung der Wohnungen k\u00fcmmern? Oder Sie haben einfach nicht die Zeit dazu? Gerne \u00fcbernehmen wir diese Aufgabe f\u00fcr Sie!<br>Egal, ob Neuvermietung, Wohnungs\u00fcbergabe, Kontrolle der Mieteing\u00e4nge, Mahnverfahren bei Mietr\u00fcckst\u00e4nden, Abrechnung der Nebenkosten, etc. &#8211; mit uns als Partner brauchen Sie sich um nichts mehr zu k\u00fcmmern.<\/p>\n<h2><span style=\"font-size: 14pt;\">Unsere Leistungen im \u00dcberblick:<\/span><\/h2>\n<ul>\n<li>Mietersuche nach Ihren W\u00fcnschen<\/li>\n<li>Bonit\u00e4tspr\u00fcfung vor Abschluss des Mietvertrages<\/li>\n<li>Anfertigung von Mietvertr\u00e4gen<\/li>\n<li>\u00dcbergabe der angemieteten Wohnung an den neuen Mieter mittels Wohnungs\u00fcbergabeprotokoll<\/li>\n<li>Verwaltung und Abwicklung von Mietkautionen<\/li>\n<li>Mahnwesen bei Mietr\u00fcckst\u00e4nden<\/li>\n<li>Einleiten rechtlicher Ma\u00dfnahmen bei Zahlungsr\u00fcckst\u00e4nden\/Mitwirkung in allen Gerichtsverhandlungen<\/li>\n<li>Annahme und Abwicklung von K\u00fcndigungen<\/li>\n<li>\u00dcbernahme der Wohnung vom alten Mieter mittels Wohnungs\u00fcbergabeprotokoll<\/li>\n<li>Erstellung s\u00e4mtlicher Abrechnungen gegen\u00fcber Ihnen und Ihrem Mieter<\/li>\n<li>Regelm\u00e4\u00dfige \u00dcberpr\u00fcfung der Mieth\u00f6he und Erstellung von Mieterh\u00f6hungen<\/li>\n<li>Durchf\u00fchrung von Mieterversammlungen<\/li>\n<li>Planung und Durchf\u00fchrung von Instandhaltungsma\u00dfnahmen<\/li>\n<\/ul>\n<h2>Gerne erstellen wir Ihnen ein individuelles Angebot:&nbsp;<strong>+49 (0) 2157 \/ 894880<\/strong><\/h2>\t\t\t\t\t<\/div>\n\t\t\t\t\t\t<\/div>\n\t\t\t\t<\/div>\n\t\t\t\t\t\t<\/div>\n\t\t\t\t\t<\/div>\n\t\t<\/div>\n\t\t\t\t\t\t\t\t<\/div>\n\t\t\t\t\t<\/div>\n\t\t<\/section>\n\t\t\t\t\t\t\t\t\t<\/div>\n\t\t\t<\/div>\n\t\t\t\t\t<\/div>\n\t\t","protected":false},"excerpt":{"rendered":"<p>Mietverwaltung Sie haben ein gr\u00f6\u00dferes Mietobjekt, wollen sich aber nicht selber um die Vermietung der Wohnungen k\u00fcmmern? Oder Sie haben einfach nicht die Zeit dazu? Gerne \u00fcbernehmen wir diese Aufgabe f\u00fcr Sie!Egal, ob Neuvermietung, Wohnungs\u00fcbergabe, Kontrolle der Mieteing\u00e4nge, Mahnverfahren bei Mietr\u00fcckst\u00e4nden, Abrechnung der Nebenkosten, etc. &#8211; mit uns als Partner brauchen Sie sich um nichts [&hellip;]<\/p>\n","protected":false},"author":1,"featured_media":0,"parent":190,"menu_order":10,"comment_status":"closed","ping_status":"closed","template":"","meta":[],"_links":{"self":[{"href":"https:\/\/d-p-immobilienverwaltung.de\/index.php\/wp-json\/wp\/v2\/pages\/200"}],"collection":[{"href":"https:\/\/d-p-immobilienverwaltung.de\/index.php\/wp-json\/wp\/v2\/pages"}],"about":[{"href":"https:\/\/d-p-immobilienverwaltung.de\/index.php\/wp-json\/wp\/v2\/types\/page"}],"author":[{"embeddable":true,"href":"https:\/\/d-p-immobilienverwaltung.de\/index.php\/wp-json\/wp\/v2\/users\/1"}],"replies":[{"embeddable":true,"href":"https:\/\/d-p-immobilienverwaltung.de\/index.php\/wp-json\/wp\/v2\/comments?post=200"}],"version-history":[{"count":32,"href":"https:\/\/d-p-immobilienverwaltung.de\/index.php\/wp-json\/wp\/v2\/pages\/200\/revisions"}],"predecessor-version":[{"id":575,"href":"https:\/\/d-p-immobilienverwaltung.de\/index.php\/wp-json\/wp\/v2\/pages\/200\/revisions\/575"}],"up":[{"embeddable":true,"href":"https:\/\/d-p-immobilienverwaltung.de\/index.php\/wp-json\/wp\/v2\/pages\/190"}],"wp:attachment":[{"href":"https:\/\/d-p-immobilienverwaltung.de\/index.php\/wp-json\/wp\/v2\/media?parent=200"}],"curies":[{"name":"wp","href":"https:\/\/api.w.org\/{rel}","templated":true}]}}